{"id":41,"date":"2023-08-23T18:58:55","date_gmt":"2023-08-23T16:58:55","guid":{"rendered":"https:\/\/soraia-su.art\/index.php\/about-me\/"},"modified":"2023-09-09T00:34:38","modified_gmt":"2023-09-08T22:34:38","slug":"biography","status":"publish","type":"page","link":"https:\/\/soraia-su.art\/index.php\/biography\/","title":{"rendered":"biography"},"content":{"rendered":"\t\t<div data-elementor-type=\"wp-page\" data-elementor-id=\"41\" class=\"elementor elementor-41\" data-elementor-post-type=\"page\">\n\t\t\t\t\t\t<section class=\"elementor-section elementor-top-section elementor-element elementor-element-14388bb elementor-section-boxed elementor-section-height-default elementor-section-height-default\" data-id=\"14388bb\" data-element_type=\"section\">\n\t\t\t\t\t\t<div class=\"elementor-container elementor-column-gap-default\">\n\t\t\t\t\t<div class=\"elementor-column elementor-col-100 elementor-top-column elementor-element elementor-element-7a90468\" data-id=\"7a90468\" data-element_type=\"column\">\n\t\t\t<div class=\"elementor-widget-wrap elementor-element-populated\">\n\t\t\t\t\t\t<div class=\"elementor-element elementor-element-cf7c996 elementor-widget elementor-widget-heading\" data-id=\"cf7c996\" data-element_type=\"widget\" data-widget_type=\"heading.default\">\n\t\t\t\t<div class=\"elementor-widget-container\">\n\t\t\t\t\t<h1 class=\"elementor-heading-title elementor-size-default\">Biography<\/h1>\t\t\t\t<\/div>\n\t\t\t\t<\/div>\n\t\t\t\t\t<\/div>\n\t\t<\/div>\n\t\t\t\t\t<\/div>\n\t\t<\/section>\n\t\t\t\t<section class=\"elementor-section elementor-top-section elementor-element elementor-element-a27fc6a elementor-section-boxed elementor-section-height-default elementor-section-height-default\" data-id=\"a27fc6a\" data-element_type=\"section\">\n\t\t\t\t\t\t<div class=\"elementor-container elementor-column-gap-default\">\n\t\t\t\t\t<div class=\"elementor-column elementor-col-50 elementor-top-column elementor-element elementor-element-7a51ae2\" data-id=\"7a51ae2\" data-element_type=\"column\">\n\t\t\t<div class=\"elementor-widget-wrap elementor-element-populated\">\n\t\t\t\t\t\t<div class=\"elementor-element elementor-element-fc83fc7 elementor-widget elementor-widget-image\" data-id=\"fc83fc7\" data-element_type=\"widget\" data-widget_type=\"image.default\">\n\t\t\t\t<div class=\"elementor-widget-container\">\n\t\t\t\t\t\t\t\t\t\t\t\t\t\t\t<img fetchpriority=\"high\" decoding=\"async\" width=\"800\" height=\"938\" src=\"https:\/\/soraia-su.art\/wp-content\/uploads\/2023\/09\/photo-bio-soraia-su-873x1024.jpg\" class=\"attachment-large size-large wp-image-106\" alt=\"Photo c\u00e9ramiste Soraia S\u00fc\" srcset=\"https:\/\/soraia-su.art\/wp-content\/uploads\/2023\/09\/photo-bio-soraia-su-873x1024.jpg 873w, https:\/\/soraia-su.art\/wp-content\/uploads\/2023\/09\/photo-bio-soraia-su-256x300.jpg 256w, https:\/\/soraia-su.art\/wp-content\/uploads\/2023\/09\/photo-bio-soraia-su-768x901.jpg 768w, https:\/\/soraia-su.art\/wp-content\/uploads\/2023\/09\/photo-bio-soraia-su-1309x1536.jpg 1309w, https:\/\/soraia-su.art\/wp-content\/uploads\/2023\/09\/photo-bio-soraia-su.jpg 1365w\" sizes=\"(max-width: 800px) 100vw, 800px\" \/>\t\t\t\t\t\t\t\t\t\t\t\t\t\t\t<\/div>\n\t\t\t\t<\/div>\n\t\t\t\t\t<\/div>\n\t\t<\/div>\n\t\t\t\t<div class=\"elementor-column elementor-col-50 elementor-top-column elementor-element elementor-element-e56be5d\" data-id=\"e56be5d\" data-element_type=\"column\">\n\t\t\t<div class=\"elementor-widget-wrap elementor-element-populated\">\n\t\t\t\t\t\t<div class=\"elementor-element elementor-element-7e988bd8 elementor-widget elementor-widget-text-editor\" data-id=\"7e988bd8\" data-element_type=\"widget\" data-widget_type=\"text-editor.default\">\n\t\t\t\t<div class=\"elementor-widget-container\">\n\t\t\t\t\t\t\t\t\t<p><strong><\/strong>Originally from Portugal, Sora\u00efa S\u00fc grew up in Lisbon until the age of 5. She keeps very good childhood memories there : the sun, the colors, the traditions, the \u00ab\u00a0salt dough\u00a0\u00bb workshops with her Mother&#8230;which inspire her today to create her unique pieces. <br>Sora\u00efa S\u00fc had the opportunity to discover ceramics in Paris, at the Mire workshop, in 2011. She quickly became passionate about this new universe which made her want to devote her entire career to it. <br>In 2013, she completed a ceramic turning training at the Chemins de Terres workshop in Montreuil. It was a complete training where she was able to learn the different techniques of working the clay.<br>After a few years of practice, Sora\u00efa S\u00fc has developed her artistic vision towards a limitless and ruleless style. <br>She likes above all to create from nothing&nbsp;: from a ball of clay or other materials and to symbolize her imagination with an exceptional piece. <br>Always in instinct and exploration, Sora\u00efa S\u00fc constantly seeks to remain free.<\/p>\n<p><\/p>\n<p><i>Originaire du Portugal, Sora\u00efa S\u00fc a grandi \u00e0 Lisbonne jusqu\u2019\u00e0 l\u2019\u00e2ge de 5 ans. Elle y garde de tr\u00e8s bons souvenirs d\u2019enfance&nbsp;: le soleil, les couleurs, les traditions, les ateliers \u00ab&nbsp;p\u00e2te \u00e0 sel&nbsp;\u00bb avec sa M\u00e8re\u2026qui l\u2019inspirent aujourd\u2019hui pour cr\u00e9er ses pi\u00e8ces uniques.<\/i><\/p>\n<p><i>Sora\u00efa S\u00fc a eu l\u2019opportunit\u00e9 de d\u00e9couvrir la c\u00e9ramique \u00e0 Paris, \u00e0 l\u2019atelier Mire, en 2011. Elle s\u2019est tr\u00e8s vite passionn\u00e9e pour ce nouvel univers qui lui a donn\u00e9 envie d\u2019y consacrer toute sa carri\u00e8re.<br>En 2013, elle a concr\u00e9tis\u00e9 une formation en tournage, \u00e0 l\u2019atelier Chemins de Terres de Montreuil. Ce f\u00fbt une formation compl\u00e8te o\u00f9 elle a pu apprendre les diff\u00e9rentes techniques du travail de la terre.<\/i><\/p>\n<p><i>Apr\u00e8s quelques ann\u00e9es de pratique, Sora\u00efa S\u00fc a d\u00e9velopp\u00e9 sa vision artistique vers un style sans limite et sans r\u00e8gle.<br>Elle aime avant tout cr\u00e9er \u00e0 partir de rien&nbsp;: d\u2019une boule de terre ou d\u2019autres mati\u00e8res et de symboliser son imaginaire par une pi\u00e8ce d\u2019exception.<br>Toujours dans l\u2019instinct et l\u2019exploration, Sora\u00efa S\u00fc recherche constamment \u00e0 rester libre.<\/i><\/p>\n<p><\/p>\t\t\t\t\t\t\t\t<\/div>\n\t\t\t\t<\/div>\n\t\t\t\t\t<\/div>\n\t\t<\/div>\n\t\t\t\t\t<\/div>\n\t\t<\/section>\n\t\t\t\t<\/div>\n\t\t","protected":false},"excerpt":{"rendered":"<p>Biography Originally from Portugal, Sora\u00efa S\u00fc grew up in Lisbon until the age of 5. She keeps very good childhood memories there : the sun, the colors, the traditions, the \u00ab\u00a0salt dough\u00a0\u00bb workshops with her Mother&#8230;which inspire her today to create her unique pieces. Sora\u00efa S\u00fc had the opportunity to discover ceramics in Paris, at [&hellip;]<\/p>\n","protected":false},"author":1,"featured_media":0,"parent":0,"menu_order":0,"comment_status":"closed","ping_status":"closed","template":"elementor_header_footer","meta":{"footnotes":""},"class_list":["post-41","page","type-page","status-publish","hentry"],"_links":{"self":[{"href":"https:\/\/soraia-su.art\/index.php\/wp-json\/wp\/v2\/pages\/41","targetHints":{"allow":["GET"]}}],"collection":[{"href":"https:\/\/soraia-su.art\/index.php\/wp-json\/wp\/v2\/pages"}],"about":[{"href":"https:\/\/soraia-su.art\/index.php\/wp-json\/wp\/v2\/types\/page"}],"author":[{"embeddable":true,"href":"https:\/\/soraia-su.art\/index.php\/wp-json\/wp\/v2\/users\/1"}],"replies":[{"embeddable":true,"href":"https:\/\/soraia-su.art\/index.php\/wp-json\/wp\/v2\/comments?post=41"}],"version-history":[{"count":45,"href":"https:\/\/soraia-su.art\/index.php\/wp-json\/wp\/v2\/pages\/41\/revisions"}],"predecessor-version":[{"id":504,"href":"https:\/\/soraia-su.art\/index.php\/wp-json\/wp\/v2\/pages\/41\/revisions\/504"}],"wp:attachment":[{"href":"https:\/\/soraia-su.art\/index.php\/wp-json\/wp\/v2\/media?parent=41"}],"curies":[{"name":"wp","href":"https:\/\/api.w.org\/{rel}","templated":true}]}}